{"id":1394,"date":"2023-08-31T11:54:52","date_gmt":"2023-08-31T14:54:52","guid":{"rendered":"https:\/\/vozdoesporte.com.br\/radio\/?page_id=1394"},"modified":"2023-09-12T19:29:46","modified_gmt":"2023-09-12T22:29:46","slug":"sobre-nos","status":"publish","type":"page","link":"https:\/\/vozdoesporte.com.br\/radio\/sobre-nos\/","title":{"rendered":"Sobre n\u00f3s"},"content":{"rendered":"\t\t<div data-elementor-type=\"wp-page\" data-elementor-id=\"1394\" class=\"elementor elementor-1394\" data-elementor-post-type=\"page\">\n\t\t\t\t<div class=\"elementor-element elementor-element-1f9e892 e-flex e-con-boxed e-con e-parent\" data-id=\"1f9e892\" data-element_type=\"container\" data-e-type=\"container\" data-settings=\"{&quot;background_background&quot;:&quot;classic&quot;,&quot;jet_parallax_layout_list&quot;:[]}\">\n\t\t\t\t\t<div class=\"e-con-inner\">\n\t\t\t\t<div class=\"elementor-element elementor-element-cd760b5 elementor-widget elementor-widget-heading\" data-id=\"cd760b5\" data-element_type=\"widget\" data-e-type=\"widget\" data-widget_type=\"heading.default\">\n\t\t\t\t<div class=\"elementor-widget-container\">\n\t\t\t\t\t<h5 class=\"elementor-heading-title elementor-size-default\">voz do esporte<\/h5>\t\t\t\t<\/div>\n\t\t\t\t<\/div>\n\t\t\t\t\t<\/div>\n\t\t\t\t<\/div>\n\t\t<div class=\"elementor-element elementor-element-0e6e56a e-flex e-con-boxed e-con e-parent\" data-id=\"0e6e56a\" data-element_type=\"container\" data-e-type=\"container\" data-settings=\"{&quot;background_background&quot;:&quot;classic&quot;,&quot;jet_parallax_layout_list&quot;:[]}\">\n\t\t\t\t\t<div class=\"e-con-inner\">\n\t\t<div class=\"elementor-element elementor-element-2cf525a e-con-full e-flex e-con e-child\" data-id=\"2cf525a\" data-element_type=\"container\" data-e-type=\"container\" data-settings=\"{&quot;jet_parallax_layout_list&quot;:[]}\">\n\t\t\t\t<div class=\"elementor-element elementor-element-cf8dc0c elementor-widget elementor-widget-image\" data-id=\"cf8dc0c\" data-element_type=\"widget\" data-e-type=\"widget\" data-widget_type=\"image.default\">\n\t\t\t\t<div class=\"elementor-widget-container\">\n\t\t\t\t\t\t\t\t\t\t\t\t\t\t\t<img fetchpriority=\"high\" decoding=\"async\" width=\"564\" height=\"720\" src=\"https:\/\/vozdoesporte.com.br\/radio\/wp-content\/uploads\/Grupo-110.png\" class=\"attachment-large size-large wp-image-2974\" alt=\"\" srcset=\"https:\/\/vozdoesporte.com.br\/radio\/wp-content\/uploads\/Grupo-110.png 564w, https:\/\/vozdoesporte.com.br\/radio\/wp-content\/uploads\/Grupo-110-235x300.png 235w\" sizes=\"(max-width: 564px) 100vw, 564px\" \/>\t\t\t\t\t\t\t\t\t\t\t\t\t\t\t<\/div>\n\t\t\t\t<\/div>\n\t\t\t\t<\/div>\n\t\t<div class=\"elementor-element elementor-element-b8cb54a e-con-full e-flex e-con e-child\" data-id=\"b8cb54a\" data-element_type=\"container\" data-e-type=\"container\" data-settings=\"{&quot;jet_parallax_layout_list&quot;:[]}\">\n\t\t\t\t<div class=\"elementor-element elementor-element-5f2b835 elementor-widget elementor-widget-heading\" data-id=\"5f2b835\" data-element_type=\"widget\" data-e-type=\"widget\" data-widget_type=\"heading.default\">\n\t\t\t\t<div class=\"elementor-widget-container\">\n\t\t\t\t\t<h5 class=\"elementor-heading-title elementor-size-default\">a informa\u00e7\u00e3o \u00e9 mais exponencial do que as gal\u00e1xias!<\/h5>\t\t\t\t<\/div>\n\t\t\t\t<\/div>\n\t\t\t\t<div class=\"elementor-element elementor-element-6f4f544 elementor-widget elementor-widget-text-editor\" data-id=\"6f4f544\" data-element_type=\"widget\" data-e-type=\"widget\" data-widget_type=\"text-editor.default\">\n\t\t\t\t<div class=\"elementor-widget-container\">\n\t\t\t\t\t\t\t\t\t<p>Est\u00e1 no ar o novo conceito e proposta de valor da Voz do Esporte, a plataforma digital de conte\u00fado esportivo da equipe emo\u00e7\u00e3o do r\u00e1dio.<\/p><p>Somos um ecossistema de informa\u00e7\u00e3o e experi\u00eancias que pauta seu modelo de neg\u00f3cios num white label para marcas, mercado corporativo e outros ve\u00edculos.<\/p><p>O portf\u00f3lio de servi\u00e7os passa por:<\/p><ul><li>Motor de gera\u00e7\u00e3o de conte\u00fado esportivo e experi\u00eancias para marcas e mercado corporativo, agregando tecnologia disruptivas (VR, Dados, Sensores) a eventos esportivos e projetos junto a uma rede de parceiros, al\u00e9m de conectar efetivamente o torcedor ao mundo do esporte, levando executivos aos coment\u00e1rios dentro das cabines de transmiss\u00e3o e presen\u00e7a em todo o espa\u00e7o de realiza\u00e7\u00e3o do evento.<\/li><\/ul><ul><li><strong>Cases:\u00a0<\/strong>R\u00e1dio Conex\u00e3o 87,5 FM, r\u00e1dio Trianon AM 740, R\u00e1dio Nova Difusora de Osasco AM 1540.<\/li><\/ul><ul><li><strong>Resenha Voz do Esporte:\u00a0<\/strong>Debate semanal da equipe emo\u00e7\u00e3o do r\u00e1dio transmitido via Live do Facebook, todas as ter\u00e7as \u00e0s 20h30 &#8211; 21h30.<\/li><\/ul><ul><li><strong>Jornadas Esportivas:<\/strong> transmiss\u00f5es off tube e in loco com esquenta e p\u00f3s jogo com toda a plataforma da <strong><span style=\"color: #0000ff;\"><a style=\"color: #0000ff;\" href=\"http:\/\/www.avsc.com.br\/\">AVSC<\/a><\/span>.<\/strong><\/li><\/ul><p>\u00a0<\/p><p>Nossa miss\u00e3o \u00e9 ser reconhecidamente um dos principais hubs digitais de experi\u00eancias esportivas do Brasil e do Mundo.<\/p>\t\t\t\t\t\t\t\t<\/div>\n\t\t\t\t<\/div>\n\t\t\t\t<\/div>\n\t\t\t\t\t<\/div>\n\t\t\t\t<\/div>\n\t\t<div class=\"elementor-element elementor-element-d128e19 e-flex e-con-boxed e-con e-parent\" data-id=\"d128e19\" data-element_type=\"container\" data-e-type=\"container\" data-settings=\"{&quot;background_background&quot;:&quot;classic&quot;,&quot;jet_parallax_layout_list&quot;:[]}\">\n\t\t\t\t\t<div class=\"e-con-inner\">\n\t\t\t\t<div class=\"elementor-element elementor-element-c1dbdc9 elementor-widget elementor-widget-heading\" data-id=\"c1dbdc9\" data-element_type=\"widget\" data-e-type=\"widget\" data-widget_type=\"heading.default\">\n\t\t\t\t<div class=\"elementor-widget-container\">\n\t\t\t\t\t<h2 class=\"elementor-heading-title elementor-size-default\">contatos<\/h2>\t\t\t\t<\/div>\n\t\t\t\t<\/div>\n\t\t<div class=\"elementor-element elementor-element-8ecbfac e-flex e-con-boxed e-con e-child\" data-id=\"8ecbfac\" data-element_type=\"container\" data-e-type=\"container\" data-settings=\"{&quot;jet_parallax_layout_list&quot;:[]}\">\n\t\t\t\t\t<div class=\"e-con-inner\">\n\t\t\t\t<div class=\"elementor-element elementor-element-cb785d4 elementor-widget__width-initial elementor-widget elementor-widget-image\" data-id=\"cb785d4\" data-element_type=\"widget\" data-e-type=\"widget\" data-widget_type=\"image.default\">\n\t\t\t\t<div class=\"elementor-widget-container\">\n\t\t\t\t\t\t\t\t\t\t\t\t\t\t\t<img decoding=\"async\" width=\"441\" height=\"441\" src=\"https:\/\/vozdoesporte.com.br\/radio\/wp-content\/uploads\/Cesar-.jpg\" class=\"attachment-full size-full wp-image-2977\" alt=\"\" srcset=\"https:\/\/vozdoesporte.com.br\/radio\/wp-content\/uploads\/Cesar-.jpg 441w, https:\/\/vozdoesporte.com.br\/radio\/wp-content\/uploads\/Cesar--300x300.jpg 300w, https:\/\/vozdoesporte.com.br\/radio\/wp-content\/uploads\/Cesar--150x150.jpg 150w\" sizes=\"(max-width: 441px) 100vw, 441px\" \/>\t\t\t\t\t\t\t\t\t\t\t\t\t\t\t<\/div>\n\t\t\t\t<\/div>\n\t\t<div class=\"elementor-element elementor-element-5db3543 e-con-full e-flex e-con e-child\" data-id=\"5db3543\" data-element_type=\"container\" data-e-type=\"container\" data-settings=\"{&quot;jet_parallax_layout_list&quot;:[]}\">\n\t\t\t\t<div class=\"elementor-element elementor-element-e104a46 elementor-widget elementor-widget-heading\" data-id=\"e104a46\" data-element_type=\"widget\" data-e-type=\"widget\" data-widget_type=\"heading.default\">\n\t\t\t\t<div class=\"elementor-widget-container\">\n\t\t\t\t\t<h2 class=\"elementor-heading-title elementor-size-default\">Cesar Tavares<\/h2>\t\t\t\t<\/div>\n\t\t\t\t<\/div>\n\t\t\t\t<div class=\"elementor-element elementor-element-324f851 elementor-widget elementor-widget-heading\" data-id=\"324f851\" data-element_type=\"widget\" data-e-type=\"widget\" data-widget_type=\"heading.default\">\n\t\t\t\t<div class=\"elementor-widget-container\">\n\t\t\t\t\t<h3 class=\"elementor-heading-title elementor-size-default\">S\u00f3cio fundador e CEO<\/h3>\t\t\t\t<\/div>\n\t\t\t\t<\/div>\n\t\t\t\t<div class=\"elementor-element elementor-element-f352f24 elementor-widget elementor-widget-heading\" data-id=\"f352f24\" data-element_type=\"widget\" data-e-type=\"widget\" data-widget_type=\"heading.default\">\n\t\t\t\t<div class=\"elementor-widget-container\">\n\t\t\t\t\t<h5 class=\"elementor-heading-title elementor-size-default\"><a href=\"mailto:cesar.tavares@vozdoesporte.com.br\">cesar.tavares@vozdoesporte.com.br<\/a><\/h5>\t\t\t\t<\/div>\n\t\t\t\t<\/div>\n\t\t<div class=\"elementor-element elementor-element-780d423 e-flex e-con-boxed e-con e-child\" data-id=\"780d423\" data-element_type=\"container\" data-e-type=\"container\" data-settings=\"{&quot;jet_parallax_layout_list&quot;:[]}\">\n\t\t\t\t\t<div class=\"e-con-inner\">\n\t\t\t\t<div class=\"elementor-element elementor-element-e0847f9 elementor-view-default elementor-widget elementor-widget-icon\" data-id=\"e0847f9\" data-element_type=\"widget\" data-e-type=\"widget\" data-widget_type=\"icon.default\">\n\t\t\t\t<div class=\"elementor-widget-container\">\n\t\t\t\t\t\t\t<div class=\"elementor-icon-wrapper\">\n\t\t\t<a class=\"elementor-icon\" href=\"https:\/\/wa.link\/uh30qp\" target=\"_blank\">\n\t\t\t<svg aria-hidden=\"true\" class=\"e-font-icon-svg e-fab-whatsapp\" viewBox=\"0 0 448 512\" xmlns=\"http:\/\/www.w3.org\/2000\/svg\"><path d=\"M380.9 97.1C339 55.1 283.2 32 223.9 32c-122.4 0-222 99.6-222 222 0 39.1 10.2 77.3 29.6 111L0 480l117.7-30.9c32.4 17.7 68.9 27 106.1 27h.1c122.3 0 224.1-99.6 224.1-222 0-59.3-25.2-115-67.1-157zm-157 341.6c-33.2 0-65.7-8.9-94-25.7l-6.7-4-69.8 18.3L72 359.2l-4.4-7c-18.5-29.4-28.2-63.3-28.2-98.2 0-101.7 82.8-184.5 184.6-184.5 49.3 0 95.6 19.2 130.4 54.1 34.8 34.9 56.2 81.2 56.1 130.5 0 101.8-84.9 184.6-186.6 184.6zm101.2-138.2c-5.5-2.8-32.8-16.2-37.9-18-5.1-1.9-8.8-2.8-12.5 2.8-3.7 5.6-14.3 18-17.6 21.8-3.2 3.7-6.5 4.2-12 1.4-32.6-16.3-54-29.1-75.5-66-5.7-9.8 5.7-9.1 16.3-30.3 1.8-3.7.9-6.9-.5-9.7-1.4-2.8-12.5-30.1-17.1-41.2-4.5-10.8-9.1-9.3-12.5-9.5-3.2-.2-6.9-.2-10.6-.2-3.7 0-9.7 1.4-14.8 6.9-5.1 5.6-19.4 19-19.4 46.3 0 27.3 19.9 53.7 22.6 57.4 2.8 3.7 39.1 59.7 94.8 83.8 35.2 15.2 49 16.5 66.6 13.9 10.7-1.6 32.8-13.4 37.4-26.4 4.6-13 4.6-24.1 3.2-26.4-1.3-2.5-5-3.9-10.5-6.6z\"><\/path><\/svg>\t\t\t<\/a>\n\t\t<\/div>\n\t\t\t\t\t\t<\/div>\n\t\t\t\t<\/div>\n\t\t\t\t<div class=\"elementor-element elementor-element-91d6035 elementor-widget elementor-widget-heading\" data-id=\"91d6035\" data-element_type=\"widget\" data-e-type=\"widget\" data-widget_type=\"heading.default\">\n\t\t\t\t<div class=\"elementor-widget-container\">\n\t\t\t\t\t<h5 class=\"elementor-heading-title elementor-size-default\"><a href=\"tel:11972481859\">11 972481859<\/a><\/h5>\t\t\t\t<\/div>\n\t\t\t\t<\/div>\n\t\t\t\t\t<\/div>\n\t\t\t\t<\/div>\n\t\t\t\t<\/div>\n\t\t\t\t\t<\/div>\n\t\t\t\t<\/div>\n\t\t\t\t\t<\/div>\n\t\t\t\t<\/div>\n\t\t\t\t<\/div>\n\t\t","protected":false},"excerpt":{"rendered":"<p>voz do esporte a informa\u00e7\u00e3o \u00e9 mais exponencial do que as gal\u00e1xias! Est\u00e1 no ar o novo conceito e proposta de valor da Voz do Esporte, a plataforma digital de conte\u00fado esportivo da equipe emo\u00e7\u00e3o do r\u00e1dio. Somos um ecossistema de informa\u00e7\u00e3o e experi\u00eancias que pauta seu modelo de neg\u00f3cios num white label para marcas, [&hellip;]<\/p>\n","protected":false},"author":1,"featured_media":0,"parent":0,"menu_order":0,"comment_status":"closed","ping_status":"closed","template":"elementor_header_footer","meta":{"_acf_changed":false,"footnotes":""},"class_list":["post-1394","page","type-page","status-publish","hentry"],"acf":[],"_links":{"self":[{"href":"https:\/\/vozdoesporte.com.br\/radio\/wp-json\/wp\/v2\/pages\/1394","targetHints":{"allow":["GET"]}}],"collection":[{"href":"https:\/\/vozdoesporte.com.br\/radio\/wp-json\/wp\/v2\/pages"}],"about":[{"href":"https:\/\/vozdoesporte.com.br\/radio\/wp-json\/wp\/v2\/types\/page"}],"author":[{"embeddable":true,"href":"https:\/\/vozdoesporte.com.br\/radio\/wp-json\/wp\/v2\/users\/1"}],"replies":[{"embeddable":true,"href":"https:\/\/vozdoesporte.com.br\/radio\/wp-json\/wp\/v2\/comments?post=1394"}],"version-history":[{"count":0,"href":"https:\/\/vozdoesporte.com.br\/radio\/wp-json\/wp\/v2\/pages\/1394\/revisions"}],"wp:attachment":[{"href":"https:\/\/vozdoesporte.com.br\/radio\/wp-json\/wp\/v2\/media?parent=1394"}],"curies":[{"name":"wp","href":"https:\/\/api.w.org\/{rel}","templated":true}]}}